{"id":1981,"date":"2024-04-15T19:14:52","date_gmt":"2024-04-15T22:14:52","guid":{"rendered":"https:\/\/www.misitiopropiedades.cl\/?post_type=product&#038;p=1981"},"modified":"2024-04-15T19:19:04","modified_gmt":"2024-04-15T22:19:04","slug":"casa-el-remanso-de-chicureo-colina-copia","status":"publish","type":"product","link":"https:\/\/misitiopropiedades.cl\/?product=casa-el-remanso-de-chicureo-colina-copia","title":{"rendered":"Casa el remanso de Chicureo &#8211; Colina (copia)"},"content":{"rendered":"<p style=\"text-align: left;\">4 Dormitorios + 3 Ba\u00f1os | Cocina cerrada y amoblada | logia cerrada | Quincho + Piscina | <strong>315 mt2 totales &#8211; 170 Mt2 \u00fatiles<\/strong> | Condominio cerrado &#8211; Seguridad 24\/7.<\/p>\n<p style=\"text-align: left;\">Casa ubicada en sector <strong>El Remanso de Chicureo<\/strong>, barrio residencial de la comuna de colina. Emplazada en condominio cerrado, con seguridad 24\/7, c\u00e1maras de vigilancia, \u00e1reas verdes y juegos para ni\u00f1os. Se encuentra cercano a comercio, colegios, carretera, cl\u00ednicas y supermercados.<\/p>\n<p style=\"text-align: left;\"><strong>Primer piso:<br \/>\n<\/strong>&#8211; Hall de acceso.<br \/>\n&#8211; Cocina cerrada, amoblada y equipada con encimera a gas, horno el\u00e9ctrico, campana y comedor de diario.<br \/>\n&#8211; Log\u00eda techada.<br \/>\n&#8211; Ba\u00f1o de visitas.<br \/>\n&#8211; Living &#8211; comedor muy iluminado con ventanales y salida a Patio.<br \/>\n&#8211; Terraza techada con Quincho reci\u00e9n remodelado.<br \/>\n&#8211; Patio con piscina y zona de juegos.<br \/>\n&#8211; Dormitorio principal en suite, con walk in closet y ventanal con salida a terraza.<br \/>\n&#8211; Dormitorio secundario, utilizado como cuarto de beb\u00e9 o Home Office.<\/p>\n<p style=\"text-align: left;\"><strong>Segundo Piso:<\/strong><br \/>\n&#8211; Sala de estar familiar.<br \/>\n&#8211; Ba\u00f1o completo con tina y ventilaci\u00f3n natural.<br \/>\n&#8211; tercer y cuarto dormitorio con closet de almacenamiento, ambos del mismo tama\u00f1o.<\/p>\n<p style=\"text-align: left;\">GGCC: $100.000.-<\/p>\n<p style=\"text-align: left;\">Quieres saber m\u00e1s? Cont\u00e1ctanos y agenda tu visita.<\/p>\n","protected":false},"excerpt":{"rendered":"<p>4 Dormitorios + 3 Ba\u00f1os | Cocina cerrada y amoblada | logia cerrada | Quincho + Piscina | 315 mt2 totales &#8211; 170 Mt2 \u00fatiles | Condominio cerrado &#8211; Seguridad 24\/7. Casa ubicada en sector El Remanso de Chicureo, barrio residencial de la comuna de colina. Emplazada en condominio cerrado, con seguridad 24\/7, c\u00e1maras de [&hellip;]<\/p>\n","protected":false},"featured_media":1652,"template":"","meta":[],"product_cat":[111,86],"product_tag":[109],"aioseo_notices":[],"jetpack_sharing_enabled":true,"_links":{"self":[{"href":"https:\/\/misitiopropiedades.cl\/index.php?rest_route=\/wp\/v2\/product\/1981"}],"collection":[{"href":"https:\/\/misitiopropiedades.cl\/index.php?rest_route=\/wp\/v2\/product"}],"about":[{"href":"https:\/\/misitiopropiedades.cl\/index.php?rest_route=\/wp\/v2\/types\/product"}],"version-history":[{"count":2,"href":"https:\/\/misitiopropiedades.cl\/index.php?rest_route=\/wp\/v2\/product\/1981\/revisions"}],"predecessor-version":[{"id":1983,"href":"https:\/\/misitiopropiedades.cl\/index.php?rest_route=\/wp\/v2\/product\/1981\/revisions\/1983"}],"wp:featuredmedia":[{"embeddable":true,"href":"https:\/\/misitiopropiedades.cl\/index.php?rest_route=\/wp\/v2\/media\/1652"}],"wp:attachment":[{"href":"https:\/\/misitiopropiedades.cl\/index.php?rest_route=%2Fwp%2Fv2%2Fmedia&parent=1981"}],"wp:term":[{"taxonomy":"product_cat","embeddable":true,"href":"https:\/\/misitiopropiedades.cl\/index.php?rest_route=%2Fwp%2Fv2%2Fproduct_cat&post=1981"},{"taxonomy":"product_tag","embeddable":true,"href":"https:\/\/misitiopropiedades.cl\/index.php?rest_route=%2Fwp%2Fv2%2Fproduct_tag&post=1981"}],"curies":[{"name":"wp","href":"https:\/\/api.w.org\/{rel}","templated":true}]}}