{"id":1961,"date":"2024-03-04T22:24:56","date_gmt":"2024-03-05T01:24:56","guid":{"rendered":"https:\/\/www.misitiopropiedades.cl\/?post_type=product&#038;p=1961"},"modified":"2024-04-15T19:12:50","modified_gmt":"2024-04-15T22:12:50","slug":"oficina-vespucio-business-center-2-privados-1-estacionamiento-1-bodega","status":"publish","type":"product","link":"https:\/\/misitiopropiedades.cl\/?product=oficina-vespucio-business-center-2-privados-1-estacionamiento-1-bodega","title":{"rendered":"Oficina Vespucio Business Center &#8211; 2 Privados | 1 estacionamiento + 1 bodega"},"content":{"rendered":"<p style=\"text-align: left;\">Edificio Am\u00e9rico Vespucio Business Center<br \/>\nIsabel la Cat\u00f3lica c\/ A. Vespucio<\/p>\n<p style=\"text-align: left;\">2 Privados | 1 ambiente abierto | orientaci\u00f3n Sur Oriente | 1 ba\u00f1o | 1 estacionamiento | 1 bodega | aire acondicionado | G.G.C.C $ 150.000.- aprox (incluye agua).<\/p>\n<p style=\"text-align: left;\">Luminosa oficina en sector privilegiado de Las Condes, ubicada en moderno edificio Am\u00e9rico Vespucio Business Center, esquina Isabel La Cat\u00f3lica con Am\u00e9rico Vespucio, cuenta con excelente conectividad a las principales v\u00edas de acceso y autopista AVO.<\/p>\n<p style=\"text-align: left;\">Caracter\u00edsticas de Oficina:<br \/>\n&#8211; Orientaci\u00f3n Suroriente, muy luminosa y en excelentes condiciones.<br \/>\n&#8211; ubicada en 9\u00b0 piso.<br \/>\n&#8211; 2 privados de 9Mt2 y 5,2Mt2 respectivamente.<br \/>\n&#8211; 1 ambiente abierto de 8,5 Mt2.<br \/>\n&#8211; 1 ba\u00f1o.<br \/>\n* Incluye 1 Estacionamiento y 1 bodega.<\/p>\n<p style=\"text-align: left;\">Terminaciones:<br \/>\n&#8211; Cortinas Rollers en todos los ambientes.<br \/>\n&#8211; Aire acondicionado.<br \/>\n&#8211; Piso flotante.<br \/>\n&#8211; Ventanas con Termopanel.<\/p>\n<p style=\"text-align: left;\">Caracter\u00edsticas del Edificio:<br \/>\nHall de acceso, recepci\u00f3n con acceso controlado, 3 ascensores, sistema de seguridad cerrado, seguridad 24\/7, locales comerciales en primer nivel cafeter\u00eda Starbucks, Fork, farmacia Cruz verde, gimnasio Smart FIT, entre otros y supermercado L\u00edder express en subterr\u00e1neo.<\/p>\n<p style=\"text-align: left;\">\u00bfQuieres conocer m\u00e1s? Somos Mi sitio Propiedades cont\u00e1ctanos por mail. Tel\u00e9fono, whatsapp, direct.<\/p>\n","protected":false},"excerpt":{"rendered":"<p>Edificio Am\u00e9rico Vespucio Business Center Isabel la Cat\u00f3lica c\/ A. Vespucio 2 Privados | 1 ambiente abierto | orientaci\u00f3n Sur Oriente | 1 ba\u00f1o | 1 estacionamiento | 1 bodega | aire acondicionado | G.G.C.C $ 150.000.- aprox (incluye agua). Luminosa oficina en sector privilegiado de Las Condes, ubicada en moderno edificio Am\u00e9rico Vespucio Business [&hellip;]<\/p>\n","protected":false},"featured_media":1962,"template":"","meta":[],"product_cat":[128,86],"product_tag":[109],"aioseo_notices":[],"jetpack_sharing_enabled":true,"_links":{"self":[{"href":"https:\/\/misitiopropiedades.cl\/index.php?rest_route=\/wp\/v2\/product\/1961"}],"collection":[{"href":"https:\/\/misitiopropiedades.cl\/index.php?rest_route=\/wp\/v2\/product"}],"about":[{"href":"https:\/\/misitiopropiedades.cl\/index.php?rest_route=\/wp\/v2\/types\/product"}],"version-history":[{"count":2,"href":"https:\/\/misitiopropiedades.cl\/index.php?rest_route=\/wp\/v2\/product\/1961\/revisions"}],"predecessor-version":[{"id":1979,"href":"https:\/\/misitiopropiedades.cl\/index.php?rest_route=\/wp\/v2\/product\/1961\/revisions\/1979"}],"wp:featuredmedia":[{"embeddable":true,"href":"https:\/\/misitiopropiedades.cl\/index.php?rest_route=\/wp\/v2\/media\/1962"}],"wp:attachment":[{"href":"https:\/\/misitiopropiedades.cl\/index.php?rest_route=%2Fwp%2Fv2%2Fmedia&parent=1961"}],"wp:term":[{"taxonomy":"product_cat","embeddable":true,"href":"https:\/\/misitiopropiedades.cl\/index.php?rest_route=%2Fwp%2Fv2%2Fproduct_cat&post=1961"},{"taxonomy":"product_tag","embeddable":true,"href":"https:\/\/misitiopropiedades.cl\/index.php?rest_route=%2Fwp%2Fv2%2Fproduct_tag&post=1961"}],"curies":[{"name":"wp","href":"https:\/\/api.w.org\/{rel}","templated":true}]}}