{"id":1746,"date":"2024-02-14T02:39:24","date_gmt":"2024-02-14T05:39:24","guid":{"rendered":"https:\/\/www.misitiopropiedades.cl\/?post_type=product&#038;p=1746"},"modified":"2024-02-15T06:46:15","modified_gmt":"2024-02-15T09:46:15","slug":"casa-colina-4-dormitorio-2-banos-3000-mt2-terreno","status":"publish","type":"product","link":"https:\/\/misitiopropiedades.cl\/?product=casa-colina-4-dormitorio-2-banos-3000-mt2-terreno","title":{"rendered":"Casa Colina &#8211; 4 Dormitorio + 2 Ba\u00f1os | 3000 Mt2 Terreno"},"content":{"rendered":"<p style=\"text-align: left;\"><strong>4 dormitorios + 2 ba\u00f1os<\/strong> | cocina independiente abierta | Living Comedor | 1 piso | <strong>235 Mt2 construidos<\/strong> | <strong>3000 Mt2 de terreno.<\/strong><\/p>\n<p style=\"text-align: left;\">Hermosa Casa en arriendo emplazada en 3000 Mt2 de patio con \u00e1reas verdes, se ubica en Comuna de <strong>colina<\/strong>, <strong>sector Esmeralda<\/strong>, cercano a centros m\u00e9dicos, colegios, jardines infantiles, comercio. Cuenta con gran conectividad a Caletera Oriente general San Mart\u00edn y a Autopista Los libertadores.<\/p>\n<p style=\"text-align: left;\"><strong>Piso 1<\/strong><br \/>\n&#8211; Hall de acceso.<br \/>\n&#8211; Amplio Living comedor.<br \/>\n&#8211; Cocina semi abierta con salida a patio.<br \/>\n&#8211; Dormitorio Principal en Suite, ba\u00f1o completo con ventilaci\u00f3n natural. (medidas dormitorio 3.40 Mt x 3.90 Mt),<br \/>\n&#8211; Dormitorio 2. (medidas 3.20 Mt x 3.00 Mt)<br \/>\n&#8211; Dormitorio 3. (medidas 3.00 Mt x 3.00 Mt)<br \/>\n&#8211; Ba\u00f1o 2 completo con ventilaci\u00f3n natural.<br \/>\n&#8211; Dormitorio 4. (medidas 4.05 Mt x 3.00 Mt)<\/p>\n<p style=\"text-align: left;\"><strong>Patio<\/strong><br \/>\n&#8211; Quincho<br \/>\n&#8211; Bodega de estructura s\u00f3lida, donde se ubica el \u00e1rea de loggia con conexi\u00f3n a lavadora.<br \/>\n&#8211; \u00c1reas verdes.<\/p>\n<p style=\"text-align: left;\">Terminaciones<br \/>\n&#8211; Piso cer\u00e1mico en \u00e1reas comunes, dormitorios, cocina y ba\u00f1os.<br \/>\n&#8211; Todas las ventanas cuentan con protecciones.<\/p>\n<p style=\"text-align: left;\">\u00bfQuieres conocer m\u00e1s? cont\u00e1ctanos!!<\/p>\n","protected":false},"excerpt":{"rendered":"<p>4 dormitorios + 2 ba\u00f1os | cocina independiente abierta | Living Comedor | 1 piso | 235 Mt2 construidos | 3000 Mt2 de terreno. Hermosa Casa en arriendo emplazada en 3000 Mt2 de patio con \u00e1reas verdes, se ubica en Comuna de colina, sector Esmeralda, cercano a centros m\u00e9dicos, colegios, jardines infantiles, comercio. Cuenta con [&hellip;]<\/p>\n","protected":false},"featured_media":1794,"template":"","meta":[],"product_cat":[111,86],"product_tag":[109],"aioseo_notices":[],"jetpack_sharing_enabled":true,"_links":{"self":[{"href":"https:\/\/misitiopropiedades.cl\/index.php?rest_route=\/wp\/v2\/product\/1746"}],"collection":[{"href":"https:\/\/misitiopropiedades.cl\/index.php?rest_route=\/wp\/v2\/product"}],"about":[{"href":"https:\/\/misitiopropiedades.cl\/index.php?rest_route=\/wp\/v2\/types\/product"}],"version-history":[{"count":3,"href":"https:\/\/misitiopropiedades.cl\/index.php?rest_route=\/wp\/v2\/product\/1746\/revisions"}],"predecessor-version":[{"id":1905,"href":"https:\/\/misitiopropiedades.cl\/index.php?rest_route=\/wp\/v2\/product\/1746\/revisions\/1905"}],"wp:featuredmedia":[{"embeddable":true,"href":"https:\/\/misitiopropiedades.cl\/index.php?rest_route=\/wp\/v2\/media\/1794"}],"wp:attachment":[{"href":"https:\/\/misitiopropiedades.cl\/index.php?rest_route=%2Fwp%2Fv2%2Fmedia&parent=1746"}],"wp:term":[{"taxonomy":"product_cat","embeddable":true,"href":"https:\/\/misitiopropiedades.cl\/index.php?rest_route=%2Fwp%2Fv2%2Fproduct_cat&post=1746"},{"taxonomy":"product_tag","embeddable":true,"href":"https:\/\/misitiopropiedades.cl\/index.php?rest_route=%2Fwp%2Fv2%2Fproduct_tag&post=1746"}],"curies":[{"name":"wp","href":"https:\/\/api.w.org\/{rel}","templated":true}]}}