{"id":1741,"date":"2024-02-14T02:09:25","date_gmt":"2024-02-14T05:09:25","guid":{"rendered":"https:\/\/www.misitiopropiedades.cl\/?post_type=product&#038;p=1741"},"modified":"2024-02-14T02:46:40","modified_gmt":"2024-02-14T05:46:40","slug":"casa-peatones-nunoa-3d-2b-163-mt2-terreno","status":"publish","type":"product","link":"https:\/\/misitiopropiedades.cl\/?product=casa-peatones-nunoa-3d-2b-163-mt2-terreno","title":{"rendered":"Casa Peatones &#8211; \u00d1u\u00f1oa 3d + 2b | 163 Mt2 Terreno"},"content":{"rendered":"<p>3D+2B | Cocina independiente | living comedor | terraza techada | 2 estacionamiento | 91 Mt2 construidos | 163 Mt2 terreno.<\/p>\n<p>Casa ubicada en sector consolidado y residencial de la comuna de \u00d1u\u00f1oa, cercano a rotonda Rodrigo de Araya, donde encontramos a su alrededor supermercados, comercio a escala de barrio, Colegios, Jardines infantiles y universidades. Se encuentra a 15 minutos caminando de Metro Grecia L4 y 20 minutos de Metro Villa Frei L3, cuenta con excelente conectividad a transporte p\u00fablico y a principales v\u00edas de conexi\u00f3n de la comuna.<br \/>\nEstructura del inmueble en primer piso es alba\u00f1iler\u00eda armada y estructura de madera en segundo piso, todas las ampliaciones regularizadas.<\/p>\n<p>Primer piso:<br \/>\n&#8211; Living &#8211; comedor.<br \/>\n&#8211; Ba\u00f1o principal completo con ventilaci\u00f3n natural.<br \/>\n&#8211; Dormitorio principal<br \/>\n&#8211; Cocina independiente con conexi\u00f3n a gas y salida a terraza techada con conexion a lavadora y lavadero.<br \/>\n&#8211; Terraza Techada con tragaluz.<br \/>\n&#8211; Ba\u00f1o exterior.<br \/>\n&#8211; Bodega<br \/>\n&#8211; Dormitorios 2<br \/>\n&#8211; Sala con conexi\u00f3n vertical (escalera)<\/p>\n<p>Segundo piso:<br \/>\n&#8211; Dormitorio 3.<br \/>\n&#8211; Sala de estar o amplio espacio para sala de juegos o Home office.<\/p>\n<p>Terminaciones:<br \/>\n&#8211; Baldosines en living comedor.<br \/>\n&#8211; Cer\u00e1mica en cocina y ba\u00f1o.<br \/>\n&#8211; Piso entablado en dormitorio 2.<br \/>\n&#8211; Piso Flotante en segundo piso (Dormitorio 3 y sala de estar)<br \/>\n&#8211; Ampliaciones regularizadas.<\/p>\n<p>\u00bfQuieres conocer m\u00e1s? Cont\u00e1ctanos!<\/p>\n","protected":false},"excerpt":{"rendered":"<p>3D+2B | Cocina independiente | living comedor | terraza techada | 2 estacionamiento | 91 Mt2 construidos | 163 Mt2 terreno. Casa ubicada en sector consolidado y residencial de la comuna de \u00d1u\u00f1oa, cercano a rotonda Rodrigo de Araya, donde encontramos a su alrededor supermercados, comercio a escala de barrio, Colegios, Jardines infantiles y universidades. [&hellip;]<\/p>\n","protected":false},"featured_media":0,"template":"","meta":[],"product_cat":[111,86],"product_tag":[108],"aioseo_notices":[],"jetpack_sharing_enabled":true,"_links":{"self":[{"href":"https:\/\/misitiopropiedades.cl\/index.php?rest_route=\/wp\/v2\/product\/1741"}],"collection":[{"href":"https:\/\/misitiopropiedades.cl\/index.php?rest_route=\/wp\/v2\/product"}],"about":[{"href":"https:\/\/misitiopropiedades.cl\/index.php?rest_route=\/wp\/v2\/types\/product"}],"version-history":[{"count":1,"href":"https:\/\/misitiopropiedades.cl\/index.php?rest_route=\/wp\/v2\/product\/1741\/revisions"}],"predecessor-version":[{"id":1742,"href":"https:\/\/misitiopropiedades.cl\/index.php?rest_route=\/wp\/v2\/product\/1741\/revisions\/1742"}],"wp:attachment":[{"href":"https:\/\/misitiopropiedades.cl\/index.php?rest_route=%2Fwp%2Fv2%2Fmedia&parent=1741"}],"wp:term":[{"taxonomy":"product_cat","embeddable":true,"href":"https:\/\/misitiopropiedades.cl\/index.php?rest_route=%2Fwp%2Fv2%2Fproduct_cat&post=1741"},{"taxonomy":"product_tag","embeddable":true,"href":"https:\/\/misitiopropiedades.cl\/index.php?rest_route=%2Fwp%2Fv2%2Fproduct_tag&post=1741"}],"curies":[{"name":"wp","href":"https:\/\/api.w.org\/{rel}","templated":true}]}}