{"id":1739,"date":"2024-02-14T01:52:44","date_gmt":"2024-02-14T04:52:44","guid":{"rendered":"https:\/\/www.misitiopropiedades.cl\/?post_type=product&#038;p=1739"},"modified":"2024-02-26T12:00:38","modified_gmt":"2024-02-26T15:00:38","slug":"casa-las-pircas-4d4b-jacuzzi-al-aire-libre-539-mt2","status":"publish","type":"product","link":"https:\/\/misitiopropiedades.cl\/?product=casa-las-pircas-4d4b-jacuzzi-al-aire-libre-539-mt2","title":{"rendered":"Casa Las Pircas &#8211; 4d+4b | Jacuzzi Al Aire Libre | 539 Mt2"},"content":{"rendered":"<p>Espectacular casa ubicada en Las Pircas, sector alto y residencial de la comuna de Pe\u00f1alol\u00e9n, cercana a Calle \u00c1lvaro Casanova y Av. Quil\u00edn. Ubicada en zona cerrada con portones el\u00e9ctricos otorgando alta seguridad al sector, est\u00e1 cercana a colegios Boston College, Pumahue, Dunalastair, El Encuentro, Universidad Adolfo Ib\u00e1\u00f1ez, centros comerciales, Sodimac Quil\u00edn, Jumbo de Pe\u00f1alol\u00e9n y Cl\u00ednica Las Condes, entre otros servicios.<\/p>\n<p>Casa Las Pircas cuenta con un terreno de 539 Mt2 Total, y 161 Mt2 construidos distribuidos en 2 pisos, Terraza Techada de 55 Mt2, Piscina y Jacuzzi.<\/p>\n<p>Primer Piso Interior<br \/>\n&#8211; Hall de acceso.<br \/>\n&#8211; Ba\u00f1o de visitas.<br \/>\n&#8211; \u00c1rea de Living y \u00c1rea de comedor separadas e independientes.<br \/>\n&#8211; Cocina cerrada, amoblada y equipada con encimeras a gas, campana, horno y conexi\u00f3n a lavavajilla. Cocina remodelada con Isla central con cubierta de granito, utilizada como mes\u00f3n de cocina y comedor de diario o desayunador.<br \/>\n&#8211; Ba\u00f1o en Cocina completo con tina y ventilaci\u00f3n natural.<br \/>\n&#8211; Sector de loggia con conexi\u00f3n a lavadora y muebles de almacenamiento.<br \/>\n&#8211; \u00c1rea de servicios donde se ubica la Caldera y una 2da conexi\u00f3n a lavadora.<br \/>\n&#8211; Dormitorio Principal de 19,04 Mt2 (5,60 Mt x 3,40 Mt), en suite con espectacular y Amplio Walk in closet. Ba\u00f1o en suite completo con tina y ventilaci\u00f3n natural.<br \/>\n&#8211; Segundo Dormitorio de 5,70 Mt2 (2,40 Mt x 2.38 Mt), utilizado como cuarto de beb\u00e9 o Home office.<\/p>\n<p>Primer piso Exterior<br \/>\n&#8211; Antejard\u00edn con espacio para 3 Estacionamientos, port\u00f3n el\u00e9ctrico.<br \/>\n&#8211; Patio con Terraza Techada de 55 Mt2, con Quincho, hermosas \u00c1reas verdes y jardines, Piscina y espectacular Jacuzzi al aire libre.<\/p>\n<p>Segundo Piso<br \/>\n&#8211; Sala de estar, muy espaciosa e iluminada con ventanas abatibles en sus tres caras, (Sur, Norte y Poniente), puede ser utilizada como Playroom, home office y sala de estar.<br \/>\n&#8211; Ba\u00f1o completo con tina y ventilaci\u00f3n natural.<br \/>\n&#8211; Tercer Dormitorio de 17,5 Mt2 (3.70 Mt x 4.75 Mt) con closet de almacenamiento.<br \/>\n&#8211; Cuarto dormitorios de 19 Mt2 (3.70 Mt x 5.15 Mt) con closet de almacenamiento.<\/p>\n<p>Terminaciones<br \/>\n&#8211; Piso Flotante en todo los Dormitorios, Living y comedor.<br \/>\n&#8211; Porcelanato en Cocina, loggia y Terraza,<br \/>\n&#8211; Calefacci\u00f3n por Losa radiante.<br \/>\n&#8211; Agua caliente por caldera.<\/p>\n<p>Quieres conocer m\u00e1s? Cont\u00e1ctanos y agenda tu visita.<\/p>\n","protected":false},"excerpt":{"rendered":"<p>Espectacular casa ubicada en Las Pircas, sector alto y residencial de la comuna de Pe\u00f1alol\u00e9n, cercana a Calle \u00c1lvaro Casanova y Av. Quil\u00edn. Ubicada en zona cerrada con portones el\u00e9ctricos otorgando alta seguridad al sector, est\u00e1 cercana a colegios Boston College, Pumahue, Dunalastair, El Encuentro, Universidad Adolfo Ib\u00e1\u00f1ez, centros comerciales, Sodimac Quil\u00edn, Jumbo de Pe\u00f1alol\u00e9n [&hellip;]<\/p>\n","protected":false},"featured_media":1938,"template":"","meta":[],"product_cat":[111,86],"product_tag":[108],"aioseo_notices":[],"jetpack_sharing_enabled":true,"_links":{"self":[{"href":"https:\/\/misitiopropiedades.cl\/index.php?rest_route=\/wp\/v2\/product\/1739"}],"collection":[{"href":"https:\/\/misitiopropiedades.cl\/index.php?rest_route=\/wp\/v2\/product"}],"about":[{"href":"https:\/\/misitiopropiedades.cl\/index.php?rest_route=\/wp\/v2\/types\/product"}],"version-history":[{"count":1,"href":"https:\/\/misitiopropiedades.cl\/index.php?rest_route=\/wp\/v2\/product\/1739\/revisions"}],"predecessor-version":[{"id":1740,"href":"https:\/\/misitiopropiedades.cl\/index.php?rest_route=\/wp\/v2\/product\/1739\/revisions\/1740"}],"wp:featuredmedia":[{"embeddable":true,"href":"https:\/\/misitiopropiedades.cl\/index.php?rest_route=\/wp\/v2\/media\/1938"}],"wp:attachment":[{"href":"https:\/\/misitiopropiedades.cl\/index.php?rest_route=%2Fwp%2Fv2%2Fmedia&parent=1739"}],"wp:term":[{"taxonomy":"product_cat","embeddable":true,"href":"https:\/\/misitiopropiedades.cl\/index.php?rest_route=%2Fwp%2Fv2%2Fproduct_cat&post=1739"},{"taxonomy":"product_tag","embeddable":true,"href":"https:\/\/misitiopropiedades.cl\/index.php?rest_route=%2Fwp%2Fv2%2Fproduct_tag&post=1739"}],"curies":[{"name":"wp","href":"https:\/\/api.w.org\/{rel}","templated":true}]}}