{"id":1735,"date":"2024-02-14T01:44:39","date_gmt":"2024-02-14T04:44:39","guid":{"rendered":"https:\/\/www.misitiopropiedades.cl\/?post_type=product&#038;p=1735"},"modified":"2024-04-15T19:13:30","modified_gmt":"2024-04-15T22:13:30","slug":"departamento-condominio-don-emiliano-3d-1b","status":"publish","type":"product","link":"https:\/\/misitiopropiedades.cl\/?product=departamento-condominio-don-emiliano-3d-1b","title":{"rendered":"Departamento Condominio Don Emiliano &#8211; 3d + 1b"},"content":{"rendered":"<p>3 Dormitorios + 1 Ba\u00f1o | Cocina cerrada | Living Comedor | Terraza | 58 Mt2 Total.<\/p>\n<p>Departamento ubicado en Condominio &#8220;Don Emiliano&#8221;, cuenta con seguridad 24 Horas, acceso controlado, estacionamiento de visita, lavander\u00eda y sal\u00f3n de uso m\u00faltiple. Tiene excelente conectividad, cercano a Av. Recoleta, colegios, restaurantes, \u00e1reas verdes, minimarket, municipalidad y a tan solo 10 minutos de Estaci\u00f3n de Metro Dorsal.<\/p>\n<p>&#8211; Hall de acceso.<br \/>\n&#8211; Cocina cerrada y amoblada, con salida a Loggia donde se encuentra calefont y conexi\u00f3n a lavadora.<br \/>\n&#8211; Amplio Living-Comedor con piso flotante y salida a terraza de 2Mt2 con orientaci\u00f3n Poniente.<br \/>\n&#8211; Ba\u00f1o completo con tina.<br \/>\n&#8211; Dormitorios Principal con gran closet de almacenamiento.<br \/>\n&#8211; Segundo Dormitorio con closet de almacenamiento.<br \/>\n&#8211; Tercer Dormitorio con closet de almacenamiento.<\/p>\n<p>Terminaciones:<br \/>\n&#8211; Piso Flotante en \u00e1reas comunes, living y comedor.<br \/>\n&#8211; Alfombra en Dormitorios.<br \/>\n&#8211; Cer\u00e1mica en Cocina, Ba\u00f1o y Terraza.<\/p>\n<p>* Departamento exento al pago de contribuciones.<br \/>\n* Departamento actualmente Arrendado.<\/p>\n<p>GGCC: $60.000.-<\/p>\n<p>ABIERTO A RECIBIR OFERTAS<\/p>\n<p>\u00bfQuieres conocer m\u00e1s sobre esta propiedad? Cont\u00e1ctanos y agenda tu visita.<\/p>\n","protected":false},"excerpt":{"rendered":"<p>3 Dormitorios + 1 Ba\u00f1o | Cocina cerrada | Living Comedor | Terraza | 58 Mt2 Total. Departamento ubicado en Condominio &#8220;Don Emiliano&#8221;, cuenta con seguridad 24 Horas, acceso controlado, estacionamiento de visita, lavander\u00eda y sal\u00f3n de uso m\u00faltiple. Tiene excelente conectividad, cercano a Av. Recoleta, colegios, restaurantes, \u00e1reas verdes, minimarket, municipalidad y a tan [&hellip;]<\/p>\n","protected":false},"featured_media":0,"template":"","meta":[],"product_cat":[110,86],"product_tag":[108],"aioseo_notices":[],"jetpack_sharing_enabled":true,"_links":{"self":[{"href":"https:\/\/misitiopropiedades.cl\/index.php?rest_route=\/wp\/v2\/product\/1735"}],"collection":[{"href":"https:\/\/misitiopropiedades.cl\/index.php?rest_route=\/wp\/v2\/product"}],"about":[{"href":"https:\/\/misitiopropiedades.cl\/index.php?rest_route=\/wp\/v2\/types\/product"}],"version-history":[{"count":1,"href":"https:\/\/misitiopropiedades.cl\/index.php?rest_route=\/wp\/v2\/product\/1735\/revisions"}],"predecessor-version":[{"id":1736,"href":"https:\/\/misitiopropiedades.cl\/index.php?rest_route=\/wp\/v2\/product\/1735\/revisions\/1736"}],"wp:attachment":[{"href":"https:\/\/misitiopropiedades.cl\/index.php?rest_route=%2Fwp%2Fv2%2Fmedia&parent=1735"}],"wp:term":[{"taxonomy":"product_cat","embeddable":true,"href":"https:\/\/misitiopropiedades.cl\/index.php?rest_route=%2Fwp%2Fv2%2Fproduct_cat&post=1735"},{"taxonomy":"product_tag","embeddable":true,"href":"https:\/\/misitiopropiedades.cl\/index.php?rest_route=%2Fwp%2Fv2%2Fproduct_tag&post=1735"}],"curies":[{"name":"wp","href":"https:\/\/api.w.org\/{rel}","templated":true}]}}