{"id":1684,"date":"2024-01-31T03:30:14","date_gmt":"2024-01-31T06:30:14","guid":{"rendered":"https:\/\/www.misitiopropiedades.cl\/?post_type=product&#038;p=1684"},"modified":"2024-02-01T12:10:48","modified_gmt":"2024-02-01T15:10:48","slug":"parcela-sector-lo-pinto-colina","status":"publish","type":"product","link":"https:\/\/misitiopropiedades.cl\/?product=parcela-sector-lo-pinto-colina","title":{"rendered":"Parcela Sector Lo Pinto &#8211; Colina"},"content":{"rendered":"<p style=\"text-align: left;\">6 Dormitorios + 4 Ba\u00f1os| 1 Dormitorio + 1 Ba\u00f1o de servicio <strong>| <\/strong>Piscina | Terraza techada | <strong>235 Mt2 construidos<\/strong> | <strong>5312 Mt2 total<\/strong>\u00a0| Condominio con acceso controlado 24\/7.<\/p>\n<p style=\"text-align: left;\">Parcela ubicada en <strong>Condominio Las Encinas<\/strong>, comuna de Colina, con conserjer\u00eda y seguridad 24\/7, hermosas \u00e1reas verdes, y plaza principal con juegos de ni\u00f1os.<br \/>\nEmplazada en uno de los mejores barrios de Colina, cercano a comercios locales, colegios, centros m\u00e9dicos, veterinarios, Avenida principal Lo Pinto, bencineras y con conexi\u00f3n por ambas carreteras.<br \/>\nAcceso principal al condominio por Av. Lo Pinto y por carretera en acceso lateral.<\/p>\n<p style=\"text-align: left;\">&#8211; Hall de acceso<br \/>\n&#8211; Living y comedor independientes.<br \/>\n&#8211; Cocina Cerrada, amoblada y equipada.<br \/>\n&#8211; Logia cerrada, con conexi\u00f3n a dormitorio de Servicio y Ba\u00f1o de servicio.<br \/>\n&#8211; Dormitorio Principal en suite con walk in closet. Cuenta con un ba\u00f1o completo con tina y un segundo ba\u00f1o exclusivo para jacuzzi.<br \/>\n&#8211; 5 dormitorios de similar tama\u00f1o con closet de almacenamiento.<br \/>\n&#8211; 2 ba\u00f1os completos con Tina y ventilaci\u00f3n natural.<br \/>\n&#8211; Sala de estar familiar.<br \/>\n&#8211; Dormitorio Principal en Suite, con walk in closet. Cuenta con segundo ba\u00f1o exclusivo para jacuzzi.<\/p>\n<p style=\"text-align: left;\">Terminaciones:<br \/>\n&#8211; Piso cer\u00e1mica en \u00e1reas comunes, cocina y ba\u00f1os.<br \/>\n&#8211; Piso Flotante en Habitaciones<br \/>\n&#8211; luz, gas de ca\u00f1er\u00eda y agua por pozo individual y de condominio.<\/p>\n<p style=\"text-align: left;\">Antejard\u00edn cuenta con 6 estacionamiento.<br \/>\nPatio con piscina y terraza.<\/p>\n<p style=\"text-align: left;\">GGCC: $100.000<\/p>\n<p style=\"text-align: left;\">Quieres saber m\u00e1s? Cont\u00e1ctanos.<\/p>\n","protected":false},"excerpt":{"rendered":"<p>6 Dormitorios + 4 Ba\u00f1os| 1 Dormitorio + 1 Ba\u00f1o de servicio | Piscina | Terraza techada | 235 Mt2 construidos | 5312 Mt2 total\u00a0| Condominio con acceso controlado 24\/7. Parcela ubicada en Condominio Las Encinas, comuna de Colina, con conserjer\u00eda y seguridad 24\/7, hermosas \u00e1reas verdes, y plaza principal con juegos de ni\u00f1os. Emplazada [&hellip;]<\/p>\n","protected":false},"featured_media":1709,"template":"","meta":[],"product_cat":[111,86],"product_tag":[108],"aioseo_notices":[],"jetpack_sharing_enabled":true,"_links":{"self":[{"href":"https:\/\/misitiopropiedades.cl\/index.php?rest_route=\/wp\/v2\/product\/1684"}],"collection":[{"href":"https:\/\/misitiopropiedades.cl\/index.php?rest_route=\/wp\/v2\/product"}],"about":[{"href":"https:\/\/misitiopropiedades.cl\/index.php?rest_route=\/wp\/v2\/types\/product"}],"version-history":[{"count":9,"href":"https:\/\/misitiopropiedades.cl\/index.php?rest_route=\/wp\/v2\/product\/1684\/revisions"}],"predecessor-version":[{"id":1730,"href":"https:\/\/misitiopropiedades.cl\/index.php?rest_route=\/wp\/v2\/product\/1684\/revisions\/1730"}],"wp:featuredmedia":[{"embeddable":true,"href":"https:\/\/misitiopropiedades.cl\/index.php?rest_route=\/wp\/v2\/media\/1709"}],"wp:attachment":[{"href":"https:\/\/misitiopropiedades.cl\/index.php?rest_route=%2Fwp%2Fv2%2Fmedia&parent=1684"}],"wp:term":[{"taxonomy":"product_cat","embeddable":true,"href":"https:\/\/misitiopropiedades.cl\/index.php?rest_route=%2Fwp%2Fv2%2Fproduct_cat&post=1684"},{"taxonomy":"product_tag","embeddable":true,"href":"https:\/\/misitiopropiedades.cl\/index.php?rest_route=%2Fwp%2Fv2%2Fproduct_tag&post=1684"}],"curies":[{"name":"wp","href":"https:\/\/api.w.org\/{rel}","templated":true}]}}