{"id":1621,"date":"2024-01-30T22:49:25","date_gmt":"2024-01-31T01:49:25","guid":{"rendered":"https:\/\/www.misitiopropiedades.cl\/?post_type=product&#038;p=1621"},"modified":"2024-02-15T05:58:39","modified_gmt":"2024-02-15T08:58:39","slug":"casa-sector-peumayen-chicureo","status":"publish","type":"product","link":"https:\/\/misitiopropiedades.cl\/?product=casa-sector-peumayen-chicureo","title":{"rendered":"Casa Sector Peumayen &#8211; Chicureo"},"content":{"rendered":"<p>3D+3B | cocina cerrada y amoblada | logia independiente | Terraza techada | seguridad 24\/7 | 362.5 mts totales<\/p>\n<p>Hermosa casa ubicada en el exclusivo condominio Peumay\u00e9n, sector Chicureo, comuna Colina.<br \/>\nEl lugar cuenta con seguridad conserjer\u00eda 24\/7, c\u00e1maras de seguridad en todo el condominio, y una alarma comunitaria para complementar en caso de emergencia.<br \/>\nRodeado de \u00e1reas verdes, el conjunto posee grandes espacios comunes, juegos de ni\u00f1os, espacios libres, y una excelente armon\u00eda de jardines.<br \/>\nCercano a colegios, supermercados, stripcenter, farmacias, y autopista.<\/p>\n<p>La casa posee un amplio living y comedor, con una gran salida por ventanal hacia extensa terraza construida; una gran cocina amoblada, con espacio para comedor de diario y salida hacia patio interior, el cual tiene acceso a logia cerrada e independiente, con caldera y conexi\u00f3n a lavadora.<\/p>\n<p>El dormitorio principal es en suite, con amplio walking closet, y salida directa a jard\u00edn. Los otros dos dormitorios muy amplios, se encuentran en el segundo piso, donde encontramos una amplia e iluminada sala estar.<br \/>\nLos ba\u00f1os tienen ventilaci\u00f3n natural; todas las ventanas poseen termopanel, el piso en \u00e1reas comunes es de porcelanato, y en dormitorios tiene fotolaminado.<\/p>\n<p>ACEPTAMOS ARRIENDO CON PROMESA DE COMPRAVENTA.<br \/>\n(Consulta por esta modalidad!)<\/p>\n<p>GGCC: $95.000.-<\/p>\n<p>Quieres conocer m\u00e1s? Cont\u00e1ctanos por tel\u00e9fono, whatsApp o direct.<\/p>\n","protected":false},"excerpt":{"rendered":"<p>3D+3B | cocina cerrada y amoblada | logia independiente | Terraza techada | seguridad 24\/7 | 362.5 mts totales Hermosa casa ubicada en el exclusivo condominio Peumay\u00e9n, sector Chicureo, comuna Colina. El lugar cuenta con seguridad conserjer\u00eda 24\/7, c\u00e1maras de seguridad en todo el condominio, y una alarma comunitaria para complementar en caso de emergencia. [&hellip;]<\/p>\n","protected":false},"featured_media":1789,"template":"","meta":[],"product_cat":[111,86],"product_tag":[109],"aioseo_notices":[],"jetpack_sharing_enabled":true,"_links":{"self":[{"href":"https:\/\/misitiopropiedades.cl\/index.php?rest_route=\/wp\/v2\/product\/1621"}],"collection":[{"href":"https:\/\/misitiopropiedades.cl\/index.php?rest_route=\/wp\/v2\/product"}],"about":[{"href":"https:\/\/misitiopropiedades.cl\/index.php?rest_route=\/wp\/v2\/types\/product"}],"version-history":[{"count":4,"href":"https:\/\/misitiopropiedades.cl\/index.php?rest_route=\/wp\/v2\/product\/1621\/revisions"}],"predecessor-version":[{"id":1650,"href":"https:\/\/misitiopropiedades.cl\/index.php?rest_route=\/wp\/v2\/product\/1621\/revisions\/1650"}],"wp:featuredmedia":[{"embeddable":true,"href":"https:\/\/misitiopropiedades.cl\/index.php?rest_route=\/wp\/v2\/media\/1789"}],"wp:attachment":[{"href":"https:\/\/misitiopropiedades.cl\/index.php?rest_route=%2Fwp%2Fv2%2Fmedia&parent=1621"}],"wp:term":[{"taxonomy":"product_cat","embeddable":true,"href":"https:\/\/misitiopropiedades.cl\/index.php?rest_route=%2Fwp%2Fv2%2Fproduct_cat&post=1621"},{"taxonomy":"product_tag","embeddable":true,"href":"https:\/\/misitiopropiedades.cl\/index.php?rest_route=%2Fwp%2Fv2%2Fproduct_tag&post=1621"}],"curies":[{"name":"wp","href":"https:\/\/api.w.org\/{rel}","templated":true}]}}