{"id":1595,"date":"2024-01-30T19:40:50","date_gmt":"2024-01-30T22:40:50","guid":{"rendered":"https:\/\/www.misitiopropiedades.cl\/?post_type=product&#038;p=1595"},"modified":"2024-04-15T20:01:30","modified_gmt":"2024-04-15T23:01:30","slug":"casa-las-brisas-norte-chicureo","status":"publish","type":"product","link":"https:\/\/misitiopropiedades.cl\/?product=casa-las-brisas-norte-chicureo","title":{"rendered":"Casa Las Brisas Norte &#8211; Chicureo"},"content":{"rendered":"<p style=\"text-align: left;\">Hermosa casa ubicada en exclusivo barrio residencial de Chicureo, Las Brisas Norte, Comuna Colina, emplazada en Condominio con seguridad 24\/7, cercano a colegios, comercio, y carreteras.<br \/>\nLa casa cuenta con 3 dormitorios, el principal en suite, con amplio ventanal que da hacia terraza. Living comedor amplios, iluminados, con acceso a cocina cerrada y amoblada.<br \/>\nAl costado de la cocina encontramos pasillo lavadero, techado y cerrado, para mayor comodidad, el cual tiene salida hacia terraza, que est\u00e1 con cobertizo y cierre de PVC. El jard\u00edn cuenta con riego autom\u00e1tico, pasto completo y \u00e1rboles frutales.<br \/>\nEn el segundo piso encontramos dos habitaciones del mismo tama\u00f1o, ambas con closet, y un ba\u00f1o completo con tina y ventilaci\u00f3n natural. Amplia sala de estar.<br \/>\nLa casa posee amplio ante jard\u00edn con espacio para 2 veh\u00edculos, y un espectacular patio con terraza techada y hermoso jard\u00edn.<br \/>\nTodas las ventanas son con termopanel y cuenta con aire acondicionado en toda la casa. La propiedad cuenta con piso flotante en todas las \u00e1reas comunes, y alfombra en las habitaciones.<\/p>\n<p style=\"text-align: left;\">Gastos Comunes $10.000<\/p>\n<p style=\"text-align: left;\">Quieres saber m\u00e1s? Cont\u00e1ctanos.<\/p>\n","protected":false},"excerpt":{"rendered":"<p>Hermosa casa ubicada en exclusivo barrio residencial de Chicureo, Las Brisas Norte, Comuna Colina, emplazada en Condominio con seguridad 24\/7, cercano a colegios, comercio, y carreteras. La casa cuenta con 3 dormitorios, el principal en suite, con amplio ventanal que da hacia terraza. Living comedor amplios, iluminados, con acceso a cocina cerrada y amoblada. Al [&hellip;]<\/p>\n","protected":false},"featured_media":1596,"template":"","meta":[],"product_cat":[111,86],"product_tag":[108],"aioseo_notices":[],"jetpack_sharing_enabled":true,"_links":{"self":[{"href":"https:\/\/misitiopropiedades.cl\/index.php?rest_route=\/wp\/v2\/product\/1595"}],"collection":[{"href":"https:\/\/misitiopropiedades.cl\/index.php?rest_route=\/wp\/v2\/product"}],"about":[{"href":"https:\/\/misitiopropiedades.cl\/index.php?rest_route=\/wp\/v2\/types\/product"}],"version-history":[{"count":2,"href":"https:\/\/misitiopropiedades.cl\/index.php?rest_route=\/wp\/v2\/product\/1595\/revisions"}],"predecessor-version":[{"id":1620,"href":"https:\/\/misitiopropiedades.cl\/index.php?rest_route=\/wp\/v2\/product\/1595\/revisions\/1620"}],"wp:featuredmedia":[{"embeddable":true,"href":"https:\/\/misitiopropiedades.cl\/index.php?rest_route=\/wp\/v2\/media\/1596"}],"wp:attachment":[{"href":"https:\/\/misitiopropiedades.cl\/index.php?rest_route=%2Fwp%2Fv2%2Fmedia&parent=1595"}],"wp:term":[{"taxonomy":"product_cat","embeddable":true,"href":"https:\/\/misitiopropiedades.cl\/index.php?rest_route=%2Fwp%2Fv2%2Fproduct_cat&post=1595"},{"taxonomy":"product_tag","embeddable":true,"href":"https:\/\/misitiopropiedades.cl\/index.php?rest_route=%2Fwp%2Fv2%2Fproduct_tag&post=1595"}],"curies":[{"name":"wp","href":"https:\/\/api.w.org\/{rel}","templated":true}]}}