{"id":1562,"date":"2024-01-29T23:55:42","date_gmt":"2024-01-30T02:55:42","guid":{"rendered":"https:\/\/www.misitiopropiedades.cl\/?post_type=product&#038;p=1562"},"modified":"2024-04-15T20:01:12","modified_gmt":"2024-04-15T23:01:12","slug":"santiago-estudio-amoblado-y-remodelado-1d1b-plaza-de-armas","status":"publish","type":"product","link":"https:\/\/misitiopropiedades.cl\/?product=santiago-estudio-amoblado-y-remodelado-1d1b-plaza-de-armas","title":{"rendered":"Santiago &#8211; Estudio Amoblado Y Remodelado &#8211; 1D+1B | Plaza De Armas"},"content":{"rendered":"<p style=\"text-align: left;\">1D + 1B | Monoambiente | Cocina abierta, amoblada y equipada | Ba\u00f1o remodelado | 47 Mt2 Total.<\/p>\n<p style=\"text-align: left;\">Se vende espectacular Departamento tipo Estudio, Amoblado y Remodelado, ubicado en pleno centro hist\u00f3rico, sector Plaza de Armas. Cercano a restaurantes, comercios, Municipalidad de Santiago, Iglesias, colegios, y a s\u00f3lo pasos de estaci\u00f3n de Metro plaza de Armas.<\/p>\n<p style=\"text-align: left;\">Cocina Amoblada y Equipada con concepto abierto en forma de L, entregando espacio para \u00e1rea de comedor, con conexi\u00f3n a sala de estar y dormitorio muy luminoso con ventana hacia patio interior. Ba\u00f1o remodelado completo con shower, y termo.<\/p>\n<p style=\"text-align: left;\">*Departamento se vende Amoblado y equipado.<\/p>\n<p style=\"text-align: left;\">Terminaciones:<br \/>\n&#8211; Piso Madera y Cer\u00e1mico en ba\u00f1o.<br \/>\n&#8211; Ventana de Madera con Vidrio Simple.<br \/>\n&#8211; Termo instalado en Ba\u00f1o.<br \/>\n&#8211; Doble altura de Piso a Cielo.<\/p>\n<p style=\"text-align: left;\">**Posibilidad de arriendo con compromiso de compra.<\/p>\n<p style=\"text-align: left;\">Quieres conocer m\u00e1s? cont\u00e1ctanos.<\/p>\n","protected":false},"excerpt":{"rendered":"<p>1D + 1B | Monoambiente | Cocina abierta, amoblada y equipada | Ba\u00f1o remodelado | 47 Mt2 Total. Se vende espectacular Departamento tipo Estudio, Amoblado y Remodelado, ubicado en pleno centro hist\u00f3rico, sector Plaza de Armas. Cercano a restaurantes, comercios, Municipalidad de Santiago, Iglesias, colegios, y a s\u00f3lo pasos de estaci\u00f3n de Metro plaza de [&hellip;]<\/p>\n","protected":false},"featured_media":1578,"template":"","meta":[],"product_cat":[110,86],"product_tag":[108],"aioseo_notices":[],"jetpack_sharing_enabled":true,"_links":{"self":[{"href":"https:\/\/misitiopropiedades.cl\/index.php?rest_route=\/wp\/v2\/product\/1562"}],"collection":[{"href":"https:\/\/misitiopropiedades.cl\/index.php?rest_route=\/wp\/v2\/product"}],"about":[{"href":"https:\/\/misitiopropiedades.cl\/index.php?rest_route=\/wp\/v2\/types\/product"}],"version-history":[{"count":8,"href":"https:\/\/misitiopropiedades.cl\/index.php?rest_route=\/wp\/v2\/product\/1562\/revisions"}],"predecessor-version":[{"id":1594,"href":"https:\/\/misitiopropiedades.cl\/index.php?rest_route=\/wp\/v2\/product\/1562\/revisions\/1594"}],"wp:featuredmedia":[{"embeddable":true,"href":"https:\/\/misitiopropiedades.cl\/index.php?rest_route=\/wp\/v2\/media\/1578"}],"wp:attachment":[{"href":"https:\/\/misitiopropiedades.cl\/index.php?rest_route=%2Fwp%2Fv2%2Fmedia&parent=1562"}],"wp:term":[{"taxonomy":"product_cat","embeddable":true,"href":"https:\/\/misitiopropiedades.cl\/index.php?rest_route=%2Fwp%2Fv2%2Fproduct_cat&post=1562"},{"taxonomy":"product_tag","embeddable":true,"href":"https:\/\/misitiopropiedades.cl\/index.php?rest_route=%2Fwp%2Fv2%2Fproduct_tag&post=1562"}],"curies":[{"name":"wp","href":"https:\/\/api.w.org\/{rel}","templated":true}]}}