{"id":1428,"date":"2024-01-29T20:40:35","date_gmt":"2024-01-29T23:40:35","guid":{"rendered":"https:\/\/www.misitiopropiedades.cl\/?post_type=product&#038;p=1428"},"modified":"2024-01-29T23:48:54","modified_gmt":"2024-01-30T02:48:54","slug":"casa-en-cond-puerta-del-sol-4d-2b-walker-martinez","status":"publish","type":"product","link":"https:\/\/misitiopropiedades.cl\/?product=casa-en-cond-puerta-del-sol-4d-2b-walker-martinez","title":{"rendered":"La Florida &#8211; Condominio Puerta Del Sol &#8211; 4d+ 2b &#8211; Walker Mart\u00ednez"},"content":{"rendered":"<p style=\"text-align: left;\">3D + 2B | Cocina cerrada | Living comedor | Terraza Techada | 90 Mt2 construidos | 298 Mt2 total | Condominio con acceso controlado 24\/7 | Acceso principal de la propiedad directo por calle aleda\u00f1a | logia y bodega.<\/p>\n<p style=\"text-align: left;\">Amplia y c\u00f3moda casa en Condominio Puerta del Sol, ubicada en calle Araucan\u00eda, con conserjer\u00eda y seguridad 24\/7, hermosas \u00e1reas verdes, plaza principal con juegos de ni\u00f1os y piscina s\u00f3lo para residentes. A su vez, la propiedad tiene acceso directo por calle, teniendo ambas opciones para su ingreso.<br \/>\nEmplazada en uno de los mejores barrios de la comuna de La Florida, cercana a colegios, supermercados, comercio general, centro comerciales, centros m\u00e9dicos, gimnasios. Con excelente conectividad por Avenida Walker Mart\u00ednez y cercano a futura estaci\u00f3n de metro L\u00ednea 8.<\/p>\n<p style=\"text-align: left;\">Propiedad Interior<br \/>\n&#8211; Hall de acceso.<br \/>\n&#8211; Cocina cerrada y amoblada, con salida a patio de servicio.<br \/>\n&#8211; Amplio Living &#8211; Comedor con ventanales, otorgando gran iluminaci\u00f3n y conexi\u00f3n a sector patio trasero con terraza techada.<br \/>\n&#8211; Ba\u00f1o de visitas completo con tina y ventilaci\u00f3n natural.<br \/>\n&#8211; Segundo y Tercer Dormitorio, ambos de similar tama\u00f1o con closet de almacenamiento.<br \/>\n&#8211; Dormitorio principal en Suite, con closet de almacenamiento. Ba\u00f1o completo con shower door y ventilaci\u00f3n natural.<br \/>\n&#8211; Dormitorio de servicio y ba\u00f1o de servicio, actualmente utilizada para almacenamiento, y en ba\u00f1o de servicio se habilit\u00f3 logia con conexi\u00f3n a lavadora.<\/p>\n<p style=\"text-align: left;\">Propiedad exterior<br \/>\n&#8211; Antejard\u00edn cuenta con estacionamiento para tres autos y amplio patio.<br \/>\n&#8211; Terraza techada de 21,5 Mt2 con asadera.<br \/>\n&#8211; Patio trasero con acceso a condominio.<\/p>\n<p style=\"text-align: left;\">Terminaciones<br \/>\n*Cer\u00e1mica batuco en Living, comedor y terraza.<br \/>\n* Piso flotante en habitaciones.<br \/>\n* Cer\u00e1mica en cocina, ba\u00f1os y logia.<\/p>\n<p style=\"text-align: left;\">GGCC: $115.000.-<\/p>\n<p style=\"text-align: left;\">Quieres conocer m\u00e1s? cont\u00e1ctanos y agenda tu visita<\/p>\n","protected":false},"excerpt":{"rendered":"<p>3D + 2B | Cocina cerrada | Living comedor | Terraza Techada | 90 Mt2 construidos | 298 Mt2 total | Condominio con acceso controlado 24\/7 | Acceso principal de la propiedad directo por calle aleda\u00f1a | logia y bodega. Amplia y c\u00f3moda casa en Condominio Puerta del Sol, ubicada en calle Araucan\u00eda, con conserjer\u00eda [&hellip;]<\/p>\n","protected":false},"featured_media":1437,"template":"","meta":[],"product_cat":[111,86],"product_tag":[108],"aioseo_notices":[],"jetpack_sharing_enabled":true,"_links":{"self":[{"href":"https:\/\/misitiopropiedades.cl\/index.php?rest_route=\/wp\/v2\/product\/1428"}],"collection":[{"href":"https:\/\/misitiopropiedades.cl\/index.php?rest_route=\/wp\/v2\/product"}],"about":[{"href":"https:\/\/misitiopropiedades.cl\/index.php?rest_route=\/wp\/v2\/types\/product"}],"version-history":[{"count":5,"href":"https:\/\/misitiopropiedades.cl\/index.php?rest_route=\/wp\/v2\/product\/1428\/revisions"}],"predecessor-version":[{"id":1551,"href":"https:\/\/misitiopropiedades.cl\/index.php?rest_route=\/wp\/v2\/product\/1428\/revisions\/1551"}],"wp:featuredmedia":[{"embeddable":true,"href":"https:\/\/misitiopropiedades.cl\/index.php?rest_route=\/wp\/v2\/media\/1437"}],"wp:attachment":[{"href":"https:\/\/misitiopropiedades.cl\/index.php?rest_route=%2Fwp%2Fv2%2Fmedia&parent=1428"}],"wp:term":[{"taxonomy":"product_cat","embeddable":true,"href":"https:\/\/misitiopropiedades.cl\/index.php?rest_route=%2Fwp%2Fv2%2Fproduct_cat&post=1428"},{"taxonomy":"product_tag","embeddable":true,"href":"https:\/\/misitiopropiedades.cl\/index.php?rest_route=%2Fwp%2Fv2%2Fproduct_tag&post=1428"}],"curies":[{"name":"wp","href":"https:\/\/api.w.org\/{rel}","templated":true}]}}