{"id":1416,"date":"2024-01-29T20:32:21","date_gmt":"2024-01-29T23:32:21","guid":{"rendered":"https:\/\/www.misitiopropiedades.cl\/?post_type=product&#038;p=1416"},"modified":"2024-04-15T20:01:54","modified_gmt":"2024-04-15T23:01:54","slug":"alto-macul-condominio-vista-valle-iv-cesion-de-promesa","status":"publish","type":"product","link":"https:\/\/misitiopropiedades.cl\/?product=alto-macul-condominio-vista-valle-iv-cesion-de-promesa","title":{"rendered":"Alto Macul &#8211; Condominio Vista Valle Iv &#8211; 3D+3B &#8211; Cesi\u00f3n De Promesa"},"content":{"rendered":"<p>Proyecto ubicado en sector Alto Macul, Condominio &#8220;Vista Valle IV&#8221;, zona precordillerana de la comuna de La Florida. Cuenta con amplias \u00e1reas verdes y senderos, juegos infantiles, urbanizaci\u00f3n subterr\u00e1nea, cercano a colegios, supermercados, cl\u00ednicas, iglesias, gimnasios, restaurantes entre otros servicios.<\/p>\n<p>Casa AM 105<\/p>\n<p>Terreno: 332,74 MT2<br \/>\nConstruido: 105,9 Mt2<br \/>\nModelo: 3 Dormitorios + 3 Ba\u00f1os | 2 Estacionamientos.<\/p>\n<p>Primer piso<br \/>\n&#8211; Hall de acceso con gres porcel\u00e1nico.<br \/>\n&#8211; Cocina independiente y equipada con encimera a gas, horno el\u00e9ctrico, campana y cubierta de cuarzo, todos los artefactos son de acero inoxidable. Adem\u00e1s cuenta con comedor de diario o desayunador y salida a loggia o patio de servicio.<br \/>\n&#8211; Living &#8211; Comedor conectados formando gran espacio para compartir y disfrutar. Tiene grandes ventanales con salida a jard\u00edn.<br \/>\n&#8211; Ba\u00f1o de Visitas<br \/>\n&#8211; Dormitorio Principal en suite con Walk in closet, Ba\u00f1o principal con shower door y ventilaci\u00f3n natural.<\/p>\n<p>2do piso<br \/>\n&#8211; Amplia area de sala de estar familiar, home office o sala de juegos.<br \/>\n&#8211; 2 dormitorios de similar tama\u00f1o con closet de almacenamiento.<br \/>\n&#8211; Ba\u00f1o completo con Tina y ventilaci\u00f3n natural.<\/p>\n<p>Terminaciones<br \/>\n&#8211; Casa de Alba\u00f1iler\u00eda armada con tabiques t\u00e9rmicos.<br \/>\n&#8211; Ventanas con marco de PVC folio Madera.<br \/>\n&#8211; Cuenta con canalizaci\u00f3n de alarma y Tv cable.<br \/>\n&#8211; Calefacci\u00f3n.<\/p>\n<p>* Precio Promesa: 7007 UF *<br \/>\nPrecio Actual AM150: 9650 UF<\/p>\n<p>No te pierdas esta gran Oportunidad.<br \/>\n\u00bfQuieres conocer m\u00e1s? Cont\u00e1ctanos.<\/p>\n<p>* Fotos Referenciales.<br \/>\n* Video Real de Casa AM105<\/p>\n","protected":false},"excerpt":{"rendered":"<p>Proyecto ubicado en sector Alto Macul, Condominio &#8220;Vista Valle IV&#8221;, zona precordillerana de la comuna de La Florida. Cuenta con amplias \u00e1reas verdes y senderos, juegos infantiles, urbanizaci\u00f3n subterr\u00e1nea, cercano a colegios, supermercados, cl\u00ednicas, iglesias, gimnasios, restaurantes entre otros servicios. Casa AM 105 Terreno: 332,74 MT2 Construido: 105,9 Mt2 Modelo: 3 Dormitorios + 3 Ba\u00f1os [&hellip;]<\/p>\n","protected":false},"featured_media":1417,"template":"","meta":[],"product_cat":[111,86],"product_tag":[108],"aioseo_notices":[],"jetpack_sharing_enabled":true,"_links":{"self":[{"href":"https:\/\/misitiopropiedades.cl\/index.php?rest_route=\/wp\/v2\/product\/1416"}],"collection":[{"href":"https:\/\/misitiopropiedades.cl\/index.php?rest_route=\/wp\/v2\/product"}],"about":[{"href":"https:\/\/misitiopropiedades.cl\/index.php?rest_route=\/wp\/v2\/types\/product"}],"version-history":[{"count":3,"href":"https:\/\/misitiopropiedades.cl\/index.php?rest_route=\/wp\/v2\/product\/1416\/revisions"}],"predecessor-version":[{"id":1958,"href":"https:\/\/misitiopropiedades.cl\/index.php?rest_route=\/wp\/v2\/product\/1416\/revisions\/1958"}],"wp:featuredmedia":[{"embeddable":true,"href":"https:\/\/misitiopropiedades.cl\/index.php?rest_route=\/wp\/v2\/media\/1417"}],"wp:attachment":[{"href":"https:\/\/misitiopropiedades.cl\/index.php?rest_route=%2Fwp%2Fv2%2Fmedia&parent=1416"}],"wp:term":[{"taxonomy":"product_cat","embeddable":true,"href":"https:\/\/misitiopropiedades.cl\/index.php?rest_route=%2Fwp%2Fv2%2Fproduct_cat&post=1416"},{"taxonomy":"product_tag","embeddable":true,"href":"https:\/\/misitiopropiedades.cl\/index.php?rest_route=%2Fwp%2Fv2%2Fproduct_tag&post=1416"}],"curies":[{"name":"wp","href":"https:\/\/api.w.org\/{rel}","templated":true}]}}