{"id":1413,"date":"2024-01-29T20:24:08","date_gmt":"2024-01-29T23:24:08","guid":{"rendered":"https:\/\/www.misitiopropiedades.cl\/?post_type=product&#038;p=1413"},"modified":"2024-02-15T06:00:55","modified_gmt":"2024-02-15T09:00:55","slug":"casa-bremen-3d-3b-300-mt2-terreno-2","status":"publish","type":"product","link":"https:\/\/misitiopropiedades.cl\/?product=casa-bremen-3d-3b-300-mt2-terreno-2","title":{"rendered":"Cerrillos &#8211; Casa Bremen &#8211; 3d + 3b | 300 Mt2 Terreno"},"content":{"rendered":"<p>3D + 3B | Cocina independiente | Loggia | Living y Comedor separados | Patio Delantero y lateral | 182 Mt2 \u00fatil | 300 Mt2 terreno.<\/p>\n<p>Casa Bremen ubicada en barrio residencial de la comuna de Cerrillos, a tan solo 10 minutos caminando de Estaci\u00f3n de Metro Cerrillos (L2). con excelente conectividad a v\u00edas principales de la comuna como Av. Departamental, Av Suiza y Av. Pedro Aguirre Cerda, y cercano a las autopista del sol y Av. General Vel\u00e1squez.<\/p>\n<p>Propiedad cuenta con Estructura s\u00f3lida de alba\u00f1iler\u00eda, con ampliaciones recientes y regularizadas, tiene 300 Mt2 de terreno y 182 Mt2 construidos distribuidos en 2 pisos.<\/p>\n<p>Primer Nivel:<br \/>\n&#8211; \u00c1rea de comedor amplio con salida a terraza y antejard\u00edn.<br \/>\n&#8211; Cocina cerrada e independiente con comedor de diario.<br \/>\n&#8211; Pieza de Lavado con conexi\u00f3n a lavadora y closet de almacenamiento, con salida a patio lateral de servicio.<br \/>\n&#8211; 1 ba\u00f1o completo con ventilaci\u00f3n natural<br \/>\n&#8211; Living o sala de estar muy amplio, y escalera al segundo piso.<\/p>\n<p>Segundo Nivel:<br \/>\n&#8211; Sala de estar o home office con closet de almacenamientos.<br \/>\n&#8211; 2 dormitorios, ambos en suite con ba\u00f1o completo y ventilaci\u00f3n natural.<br \/>\n&#8211; Terraza con orientaci\u00f3n norte.<\/p>\n<p>Terminaciones:<br \/>\n&#8211; Termopanel en segundo piso.<br \/>\n&#8211; Piso Flotante en dormitorios, living y sala de estar.<br \/>\n&#8211; Cer\u00e1mica en cocina, ba\u00f1o y comedor.<\/p>\n<p>\u00bfQuieres conocer m\u00e1s? Cont\u00e1ctate con nosotros.<\/p>\n","protected":false},"excerpt":{"rendered":"<p>3D + 3B | Cocina independiente | Loggia | Living y Comedor separados | Patio Delantero y lateral | 182 Mt2 \u00fatil | 300 Mt2 terreno. Casa Bremen ubicada en barrio residencial de la comuna de Cerrillos, a tan solo 10 minutos caminando de Estaci\u00f3n de Metro Cerrillos (L2). con excelente conectividad a v\u00edas principales [&hellip;]<\/p>\n","protected":false},"featured_media":1790,"template":"","meta":[],"product_cat":[111,86],"product_tag":[108],"aioseo_notices":[],"jetpack_sharing_enabled":true,"_links":{"self":[{"href":"https:\/\/misitiopropiedades.cl\/index.php?rest_route=\/wp\/v2\/product\/1413"}],"collection":[{"href":"https:\/\/misitiopropiedades.cl\/index.php?rest_route=\/wp\/v2\/product"}],"about":[{"href":"https:\/\/misitiopropiedades.cl\/index.php?rest_route=\/wp\/v2\/types\/product"}],"version-history":[{"count":2,"href":"https:\/\/misitiopropiedades.cl\/index.php?rest_route=\/wp\/v2\/product\/1413\/revisions"}],"predecessor-version":[{"id":1553,"href":"https:\/\/misitiopropiedades.cl\/index.php?rest_route=\/wp\/v2\/product\/1413\/revisions\/1553"}],"wp:featuredmedia":[{"embeddable":true,"href":"https:\/\/misitiopropiedades.cl\/index.php?rest_route=\/wp\/v2\/media\/1790"}],"wp:attachment":[{"href":"https:\/\/misitiopropiedades.cl\/index.php?rest_route=%2Fwp%2Fv2%2Fmedia&parent=1413"}],"wp:term":[{"taxonomy":"product_cat","embeddable":true,"href":"https:\/\/misitiopropiedades.cl\/index.php?rest_route=%2Fwp%2Fv2%2Fproduct_cat&post=1413"},{"taxonomy":"product_tag","embeddable":true,"href":"https:\/\/misitiopropiedades.cl\/index.php?rest_route=%2Fwp%2Fv2%2Fproduct_tag&post=1413"}],"curies":[{"name":"wp","href":"https:\/\/api.w.org\/{rel}","templated":true}]}}