{"id":1266,"date":"2021-12-07T16:13:59","date_gmt":"2021-12-07T19:13:59","guid":{"rendered":"https:\/\/misitiopropiedades.cl\/?post_type=product&#038;p=1266"},"modified":"2024-02-26T12:01:54","modified_gmt":"2024-02-26T15:01:54","slug":"casa-sector-trinidad","status":"publish","type":"product","link":"https:\/\/misitiopropiedades.cl\/?product=casa-sector-trinidad","title":{"rendered":"La Florida &#8211; Casa Sector Trinidad 5D + 2B"},"content":{"rendered":"<p>5D+2B | 2 pisos | living comedor independientes | cocina | Dormitorio principal en suite | 2 estacionamiento | 176 Mt2 total | 85 mt2 \u00fatil.<\/p>\n<p>Ubicada en Sector Trinidad en la comuna de La Florida, al oriente de Vicu\u00f1a Mackenna, cuenta con excelente conectividad, a 10 minutos de estaci\u00f3n de Metro Trinidad L4.<\/p>\n<p>Hermosa casa de 2 pisos cuenta con antejard\u00edn y patio trasero, 176 mt2 total y 85 mt2 construidos, 2 estacionamientos.<\/p>\n<p>Primer piso: Living y comedor independientes, cocina, 3 dormitorios y dos ba\u00f1os. sala de estar o espacio para home office.<br \/>\nSegundo piso: 2 dormitorios de similar tama\u00f1o<\/p>\n<p>\u00bfQuieres conocer m\u00e1s? Somos Mi sitio Propiedades cont\u00e1ctanos.<\/p>\n","protected":false},"excerpt":{"rendered":"<p>5D+2B | 2 pisos | living comedor independientes | cocina | Dormitorio principal en suite | 2 estacionamiento | 176 Mt2 total | 85 mt2 \u00fatil. Ubicada en Sector Trinidad en la comuna de La Florida, al oriente de Vicu\u00f1a Mackenna, cuenta con excelente conectividad, a 10 minutos de estaci\u00f3n de Metro Trinidad L4. Hermosa [&hellip;]<\/p>\n","protected":false},"featured_media":1267,"template":"","meta":[],"product_cat":[111,86],"product_tag":[108],"aioseo_notices":[],"jetpack_sharing_enabled":true,"_links":{"self":[{"href":"https:\/\/misitiopropiedades.cl\/index.php?rest_route=\/wp\/v2\/product\/1266"}],"collection":[{"href":"https:\/\/misitiopropiedades.cl\/index.php?rest_route=\/wp\/v2\/product"}],"about":[{"href":"https:\/\/misitiopropiedades.cl\/index.php?rest_route=\/wp\/v2\/types\/product"}],"version-history":[{"count":2,"href":"https:\/\/misitiopropiedades.cl\/index.php?rest_route=\/wp\/v2\/product\/1266\/revisions"}],"predecessor-version":[{"id":1554,"href":"https:\/\/misitiopropiedades.cl\/index.php?rest_route=\/wp\/v2\/product\/1266\/revisions\/1554"}],"wp:featuredmedia":[{"embeddable":true,"href":"https:\/\/misitiopropiedades.cl\/index.php?rest_route=\/wp\/v2\/media\/1267"}],"wp:attachment":[{"href":"https:\/\/misitiopropiedades.cl\/index.php?rest_route=%2Fwp%2Fv2%2Fmedia&parent=1266"}],"wp:term":[{"taxonomy":"product_cat","embeddable":true,"href":"https:\/\/misitiopropiedades.cl\/index.php?rest_route=%2Fwp%2Fv2%2Fproduct_cat&post=1266"},{"taxonomy":"product_tag","embeddable":true,"href":"https:\/\/misitiopropiedades.cl\/index.php?rest_route=%2Fwp%2Fv2%2Fproduct_tag&post=1266"}],"curies":[{"name":"wp","href":"https:\/\/api.w.org\/{rel}","templated":true}]}}