{"id":1236,"date":"2021-12-07T15:37:09","date_gmt":"2021-12-07T18:37:09","guid":{"rendered":"https:\/\/misitiopropiedades.cl\/?post_type=product&#038;p=1236"},"modified":"2024-01-29T23:50:27","modified_gmt":"2024-01-30T02:50:27","slug":"casa-sector-walker-martinez","status":"publish","type":"product","link":"https:\/\/misitiopropiedades.cl\/?product=casa-sector-walker-martinez","title":{"rendered":"La florida &#8211; Casa sector walker martinez &#8211; No disponible"},"content":{"rendered":"<p>5D + 2B | living comedor | cocina amplia cerrada | logia | bodega grande | 1 estacionamiento | Patio | 200 Mt2 terreno | 135 Mt2 construidos y regularizados.<\/p>\n<p>Hermosa casa en venta, ubicada en La Florida, con excelente conectividad a pasos de Avenida Walker Mart\u00ednez, y cercano a futura Estaci\u00f3n de Metro ubicada en Av. la Florida con Walker Mart\u00ednez.<\/p>\n<p>Emplazada en uno de los mejores barrios residenciales de la comuna, cercano a supermercado, colegios, restaurantes, centros de salud, comercio, caja de compensaci\u00f3n, club deportivo, parques y plazas.<\/p>\n<p>Casa con hall de acceso hacia Amplio Living comedor con lindas ventanas a Antejard\u00edn, Cocina cerrada con espacio para comedor de diario o desayunador, con conexi\u00f3n a logia y amplia bodega.<br \/>\nEn primer piso encontramos 3 dormitorios, 2 de estos cuentan con salida a patio trasero orientaci\u00f3n Norte, 2 ba\u00f1os completos con tina y ventilaci\u00f3n natural.<br \/>\nAl costado derecho de Puerta de acceso tiene la escalera que nos lleva a un segundo piso con 2 dormitorios, con vista oriente y Sur.<\/p>\n<p>\u00bfQuieres conocer m\u00e1s? Somos Mi sitio Propiedades cont\u00e1ctanos.<\/p>\n","protected":false},"excerpt":{"rendered":"<p>5D + 2B | living comedor | cocina amplia cerrada | logia | bodega grande | 1 estacionamiento | Patio | 200 Mt2 terreno | 135 Mt2 construidos y regularizados. Hermosa casa en venta, ubicada en La Florida, con excelente conectividad a pasos de Avenida Walker Mart\u00ednez, y cercano a futura Estaci\u00f3n de Metro ubicada [&hellip;]<\/p>\n","protected":false},"featured_media":1237,"template":"","meta":[],"product_cat":[111,86],"product_tag":[108],"aioseo_notices":[],"jetpack_sharing_enabled":true,"_links":{"self":[{"href":"https:\/\/misitiopropiedades.cl\/index.php?rest_route=\/wp\/v2\/product\/1236"}],"collection":[{"href":"https:\/\/misitiopropiedades.cl\/index.php?rest_route=\/wp\/v2\/product"}],"about":[{"href":"https:\/\/misitiopropiedades.cl\/index.php?rest_route=\/wp\/v2\/types\/product"}],"version-history":[{"count":3,"href":"https:\/\/misitiopropiedades.cl\/index.php?rest_route=\/wp\/v2\/product\/1236\/revisions"}],"predecessor-version":[{"id":1555,"href":"https:\/\/misitiopropiedades.cl\/index.php?rest_route=\/wp\/v2\/product\/1236\/revisions\/1555"}],"wp:featuredmedia":[{"embeddable":true,"href":"https:\/\/misitiopropiedades.cl\/index.php?rest_route=\/wp\/v2\/media\/1237"}],"wp:attachment":[{"href":"https:\/\/misitiopropiedades.cl\/index.php?rest_route=%2Fwp%2Fv2%2Fmedia&parent=1236"}],"wp:term":[{"taxonomy":"product_cat","embeddable":true,"href":"https:\/\/misitiopropiedades.cl\/index.php?rest_route=%2Fwp%2Fv2%2Fproduct_cat&post=1236"},{"taxonomy":"product_tag","embeddable":true,"href":"https:\/\/misitiopropiedades.cl\/index.php?rest_route=%2Fwp%2Fv2%2Fproduct_tag&post=1236"}],"curies":[{"name":"wp","href":"https:\/\/api.w.org\/{rel}","templated":true}]}}