{"id":1193,"date":"2021-12-07T03:04:01","date_gmt":"2021-12-07T06:04:01","guid":{"rendered":"https:\/\/misitiopropiedades.cl\/?post_type=product&#038;p=1193"},"modified":"2024-01-29T23:51:25","modified_gmt":"2024-01-30T02:51:25","slug":"duplex-refugio-la-dehesa","status":"publish","type":"product","link":"https:\/\/misitiopropiedades.cl\/?product=duplex-refugio-la-dehesa","title":{"rendered":"Lo Barnechea &#8211; Duplex Refugio La Dehesa"},"content":{"rendered":"<p>Proyecto Refugio La Dehesa, emplazado en zona privilegiada de la ciudad con excelente conectividad a Costanera Norte y Av. La dehesa, entorno tranquilo y privado, cercano a centros comerciales, cl\u00ednicas, colegios y otros servicios.<\/p>\n<p>4 Dormitorios + 4 Ba\u00f1os | cocina cerrada y equipada | logia | living &#8211; comedor con salida a terraza | Orientaci\u00f3n Nororiente | sala de estar | terraza Privada en azotea | superficie \u00fatil 139 Mt2 + terraza 1\u00b0 piso 36,09 Mt2 + Terraza Mirador 90,30 Mt2 | superficie total 265,34 Mt2<\/p>\n<p>Departamento ubicado en 4to piso, con terraza Privada Mirador en azotea.<\/p>\n<p>Plantas de Arquitectura de Departamento<br \/>\n* Fotos referenciales de Piloto e im\u00e1genes digitales de proyecto.<\/p>\n<p>\u00bfQuieres conocer m\u00e1s? Somos Mi sitio Propiedades cont\u00e1ctanos.<\/p>\n","protected":false},"excerpt":{"rendered":"<p>Proyecto Refugio La Dehesa, emplazado en zona privilegiada de la ciudad con excelente conectividad a Costanera Norte y Av. La dehesa, entorno tranquilo y privado, cercano a centros comerciales, cl\u00ednicas, colegios y otros servicios. 4 Dormitorios + 4 Ba\u00f1os | cocina cerrada y equipada | logia | living &#8211; comedor con salida a terraza | [&hellip;]<\/p>\n","protected":false},"featured_media":1194,"template":"","meta":[],"product_cat":[110,86],"product_tag":[108],"aioseo_notices":[],"jetpack_sharing_enabled":true,"_links":{"self":[{"href":"https:\/\/misitiopropiedades.cl\/index.php?rest_route=\/wp\/v2\/product\/1193"}],"collection":[{"href":"https:\/\/misitiopropiedades.cl\/index.php?rest_route=\/wp\/v2\/product"}],"about":[{"href":"https:\/\/misitiopropiedades.cl\/index.php?rest_route=\/wp\/v2\/types\/product"}],"version-history":[{"count":6,"href":"https:\/\/misitiopropiedades.cl\/index.php?rest_route=\/wp\/v2\/product\/1193\/revisions"}],"predecessor-version":[{"id":1557,"href":"https:\/\/misitiopropiedades.cl\/index.php?rest_route=\/wp\/v2\/product\/1193\/revisions\/1557"}],"wp:featuredmedia":[{"embeddable":true,"href":"https:\/\/misitiopropiedades.cl\/index.php?rest_route=\/wp\/v2\/media\/1194"}],"wp:attachment":[{"href":"https:\/\/misitiopropiedades.cl\/index.php?rest_route=%2Fwp%2Fv2%2Fmedia&parent=1193"}],"wp:term":[{"taxonomy":"product_cat","embeddable":true,"href":"https:\/\/misitiopropiedades.cl\/index.php?rest_route=%2Fwp%2Fv2%2Fproduct_cat&post=1193"},{"taxonomy":"product_tag","embeddable":true,"href":"https:\/\/misitiopropiedades.cl\/index.php?rest_route=%2Fwp%2Fv2%2Fproduct_tag&post=1193"}],"curies":[{"name":"wp","href":"https:\/\/api.w.org\/{rel}","templated":true}]}}