{"id":1178,"date":"2021-09-01T03:28:06","date_gmt":"2021-09-01T06:28:06","guid":{"rendered":"https:\/\/misitiopropiedades.cl\/?post_type=product&#038;p=1178"},"modified":"2024-01-29T23:52:24","modified_gmt":"2024-01-30T02:52:24","slug":"departamento-pucon-andino-camino-al-volcan","status":"publish","type":"product","link":"https:\/\/misitiopropiedades.cl\/?product=departamento-pucon-andino-camino-al-volcan","title":{"rendered":"Puc\u00f3n &#8211; Estudio Puc\u00f3n Andino &#8211; Camino al volc\u00e1n"},"content":{"rendered":"<p>En verano disfrutar el lago Villarrica, en Invierno skiar a los pies del volc\u00e1n, descansar en un hermoso bosque, desconectarse de la ciudad, \u00bfbuscamos un refugio? este es el lugar!!<br \/>\nSuena un panorama ideal para todo el a\u00f1o.<\/p>\n<p>Studio + 1 Ba\u00f1o | 24 Mt2 | 1 estacionamiento | cocina europea equipada | ba\u00f1o completo | exento de pago de contribuciones | Amoblado | orientaci\u00f3n NorOriente.<\/p>\n<p>Departamento en Condominio Puc\u00f3n Andino, ubicado camino al volc\u00e1n, a 10 min de centro de ski y a 5 minutos de centro de puc\u00f3n, proyecto &#8220;Puc\u00f3n Andino&#8221; est\u00e1 inserto entre los hermosos bosques de puc\u00f3n, respetando la naturaleza propia del sector, dejando m\u00e1s de 5 hect\u00e1reas de \u00e1rea verdes libres y con senderos para recorrerlos.<br \/>\nEn \u00e1reas comunes encontramos piscina adulto, piscina ni\u00f1os, multicancha, quincho techado y quincho al aire libre y seguridad 24\/7.<\/p>\n<p>Departamento se vende Amoblado, cocina europea equipada, ba\u00f1o completo con tina, zona de Dormitorio cuenta con mueble dise\u00f1ado y hecho a medida para este espacio, el cual tiene la funci\u00f3n de subir y bajar la cama, para entregar una doble funci\u00f3n al espacio, puedes subir la cama y ocupar esta zona como living y en la noche bajar la cama y descansar. Adem\u00e1s tiene una hermosa vista NorOriente y a los hermosos bosques de Puc\u00f3n.<\/p>\n","protected":false},"excerpt":{"rendered":"<p>En verano disfrutar el lago Villarrica, en Invierno skiar a los pies del volc\u00e1n, descansar en un hermoso bosque, desconectarse de la ciudad, \u00bfbuscamos un refugio? este es el lugar!! Suena un panorama ideal para todo el a\u00f1o. Studio + 1 Ba\u00f1o | 24 Mt2 | 1 estacionamiento | cocina europea equipada | ba\u00f1o completo [&hellip;]<\/p>\n","protected":false},"featured_media":980,"template":"","meta":[],"product_cat":[110,86],"product_tag":[108],"aioseo_notices":[],"jetpack_sharing_enabled":true,"_links":{"self":[{"href":"https:\/\/misitiopropiedades.cl\/index.php?rest_route=\/wp\/v2\/product\/1178"}],"collection":[{"href":"https:\/\/misitiopropiedades.cl\/index.php?rest_route=\/wp\/v2\/product"}],"about":[{"href":"https:\/\/misitiopropiedades.cl\/index.php?rest_route=\/wp\/v2\/types\/product"}],"version-history":[{"count":6,"href":"https:\/\/misitiopropiedades.cl\/index.php?rest_route=\/wp\/v2\/product\/1178\/revisions"}],"predecessor-version":[{"id":1559,"href":"https:\/\/misitiopropiedades.cl\/index.php?rest_route=\/wp\/v2\/product\/1178\/revisions\/1559"}],"wp:featuredmedia":[{"embeddable":true,"href":"https:\/\/misitiopropiedades.cl\/index.php?rest_route=\/wp\/v2\/media\/980"}],"wp:attachment":[{"href":"https:\/\/misitiopropiedades.cl\/index.php?rest_route=%2Fwp%2Fv2%2Fmedia&parent=1178"}],"wp:term":[{"taxonomy":"product_cat","embeddable":true,"href":"https:\/\/misitiopropiedades.cl\/index.php?rest_route=%2Fwp%2Fv2%2Fproduct_cat&post=1178"},{"taxonomy":"product_tag","embeddable":true,"href":"https:\/\/misitiopropiedades.cl\/index.php?rest_route=%2Fwp%2Fv2%2Fproduct_tag&post=1178"}],"curies":[{"name":"wp","href":"https:\/\/api.w.org\/{rel}","templated":true}]}}